{"id":1378,"date":"2022-05-03T14:54:27","date_gmt":"2022-05-03T14:54:27","guid":{"rendered":"https:\/\/fadelpo.es\/?page_id=1378"},"modified":"2025-11-24T10:29:00","modified_gmt":"2025-11-24T10:29:00","slug":"uso-de-coockies","status":"publish","type":"page","link":"https:\/\/fadelpo.es\/?page_id=1378","title":{"rendered":"Uso de cookies"},"content":{"rendered":"<p>[et_pb_section fb_built=\u00bb1&#8243; admin_label=\u00bbsection\u00bb _builder_version=\u00bb4.16&#8243; global_colors_info=\u00bb{}\u00bb][et_pb_row admin_label=\u00bbrow\u00bb _builder_version=\u00bb4.16&#8243; background_size=\u00bbinitial\u00bb background_position=\u00bbtop_left\u00bb background_repeat=\u00bbrepeat\u00bb global_colors_info=\u00bb{}\u00bb][et_pb_column type=\u00bb4_4&#8243; _builder_version=\u00bb4.16&#8243; custom_padding=\u00bb|||\u00bb global_colors_info=\u00bb{}\u00bb custom_padding__hover=\u00bb|||\u00bb][et_pb_text admin_label=\u00bbText\u00bb _builder_version=\u00bb4.16&#8243; background_size=\u00bbinitial\u00bb background_position=\u00bbtop_left\u00bb background_repeat=\u00bbrepeat\u00bb global_colors_info=\u00bb{}\u00bb]<\/p>\n<p>&nbsp;<\/p>\n<p><span style=\"font-size: x-large;\"><strong>Pol\u00edtica de cookies<\/strong><\/span><\/p>\n<p>Fadelpo SL informa acerca del uso de las cookies en su p\u00e1gina web: https:\/\/fadelpo.es\/<\/p>\n<p><strong>\u00bfQu\u00e9 son las cookies?<\/strong><\/p>\n<p>Las cookies son archivos que se pueden descargar en su equipo a trav\u00e9s de las p\u00e1ginas web. Son herramientas que tienen un papel esencial para la prestaci\u00f3n de numerosos servicios de la sociedad de la informaci\u00f3n. Entre otros, permiten a una p\u00e1gina web almacenar y recuperar informaci\u00f3n sobre los h\u00e1bitos de navegaci\u00f3n de un usuario o de su equipo y, dependiendo de la informaci\u00f3n obtenida, se pueden utilizar para reconocer al usuario y mejorar el servicio ofrecido.<\/p>\n<p><strong>Tipos de cookies<\/strong><\/p>\n<p>Seg\u00fan quien sea la entidad que gestione el dominio desde donde se env\u00edan las cookies y trate los datos que se obtengan se pueden distinguir dos tipos:<\/p>\n<ul>\n<li>Cookies propias: Aqu\u00e9llas que se env\u00edan al equipo terminal del usuario desde un equipo o dominio gestionado por el propio editor y desde el que se presta el servicio solicitado por el usuario.<\/li>\n<li>Cookies de terceros: Aqu\u00e9llas que se env\u00edan al equipo terminal del usuario desde un equipo o dominio que no es gestionado por el editor, sino por otra entidad que trata los datos obtenidos trav\u00e9s de las cookies.<\/li>\n<\/ul>\n<p>En el caso de que las cookies sean instaladas desde un equipo o dominio gestionado por el propio editor pero la informaci\u00f3n que se recoja mediante \u00e9stas sea gestionada por un tercero, no pueden ser consideradas como cookies propias.<\/p>\n<p>Existe tambi\u00e9n una segunda clasificaci\u00f3n seg\u00fan el plazo de tiempo que permanecen almacenadas en el navegador del cliente, pudiendo tratarse de:<\/p>\n<ul>\n<li>Cookies de sesi\u00f3n: Dise\u00f1adas para recabar y almacenar datos mientras el usuario accede a una p\u00e1gina web. Se suelen emplear para almacenar informaci\u00f3n que solo interesa conservar para la prestaci\u00f3n del servicio solicitado por el usuario en una sola ocasi\u00f3n (p.e. una lista de productos adquiridos).<\/li>\n<li>Cookies persistentes: Los datos siguen almacenados en el terminal y pueden ser accedidos y tratados durante un periodo definido por el responsable de la cookie, y que puede ir de unos minutos a varios a\u00f1os.<\/li>\n<\/ul>\n<p>Por \u00faltimo, existe otra clasificaci\u00f3n con seis tipos de cookies seg\u00fan la finalidad para la que se traten los datos obtenidos:<\/p>\n<ul>\n<li>Cookies t\u00e9cnicas: Aquellas que permiten al usuario la navegaci\u00f3n a trav\u00e9s de una p\u00e1gina web, plataforma o aplicaci\u00f3n y la utilizaci\u00f3n de las diferentes opciones o servicios que en ella existan como, por ejemplo, controlar el tr\u00e1fico y la comunicaci\u00f3n de datos, identificar la sesi\u00f3n, acceder a partes de acceso restringido, recordar los elementos que integran un pedido, realizar el proceso de compra de un pedido, realizar la solicitud de inscripci\u00f3n o participaci\u00f3n en un evento, utilizar elementos de seguridad durante la navegaci\u00f3n, almacenar contenidos para la difusi\u00f3n de v\u00eddeos o sonido o compartir contenidos a trav\u00e9s de redes sociales.<\/li>\n<li>Cookies de personalizaci\u00f3n: Permiten al usuario acceder al servicio con algunas caracter\u00edsticas de car\u00e1cter general predefinidas en funci\u00f3n de una serie de criterios en el terminal del usuario como por ejemplo serian el idioma, el tipo de navegador a trav\u00e9s del cual accede al servicio, la configuraci\u00f3n regional desde donde accede al servicio, etc.<\/li>\n<li>Cookies de an\u00e1lisis: Permiten al responsable de las mismas, el seguimiento y an\u00e1lisis del comportamiento de los usuarios de los sitios web a los que est\u00e1n vinculadas. La informaci\u00f3n recogida mediante este tipo de cookies se utiliza en la medici\u00f3n de la actividad de los sitios web, aplicaci\u00f3n o plataforma y para la elaboraci\u00f3n de perfiles de navegaci\u00f3n de los usuarios de dichos sitios, aplicaciones y plataformas, con el fin de introducir mejoras en funci\u00f3n del an\u00e1lisis de los datos de uso que hacen los usuarios del servicio.<\/li>\n<li>Cookies publicitarias: Permiten la gesti\u00f3n, de la forma m\u00e1s eficaz posible, de los espacios publicitarios.<\/li>\n<li>Cookies de publicidad comportamental: Almacenan informaci\u00f3n del comportamiento de los usuarios obtenida a trav\u00e9s de la observaci\u00f3n continuada de sus h\u00e1bitos de navegaci\u00f3n, lo que permite desarrollar un perfil espec\u00edfico para mostrar publicidad en funci\u00f3n del mismo.<\/li>\n<li>Cookies de redes sociales externas: Se utilizan para que los visitantes puedan interactuar con el contenido de diferentes plataformas sociales (facebook, youtube, twitter, linkedIn, etc..) y que se generen \u00fanicamente para los usuarios de dichas redes sociales. Las condiciones de utilizaci\u00f3n de estas cookies y la informaci\u00f3n recopilada se regula por la pol\u00edtica de privacidad de la plataforma social correspondiente.<\/li>\n<\/ul>\n<p><strong>Desactivaci\u00f3n y eliminaci\u00f3n de cookies<\/strong><\/p>\n<p>Tienes la opci\u00f3n de permitir, bloquear o eliminar las cookies instaladas en tu equipo mediante la configuraci\u00f3n de las opciones del navegador instalado en su equipo. Al desactivar cookies, algunos de los servicios disponibles podr\u00edan dejar de estar operativos. La forma de deshabilitar las cookies es diferente para cada navegador, pero normalmente puede hacerse desde el men\u00fa Herramientas u Opciones. Tambi\u00e9n puede consultarse el men\u00fa de Ayuda del navegador d\u00f3nde puedes encontrar instrucciones. El usuario podr\u00e1 en cualquier momento elegir qu\u00e9 cookies quiere que funcionen en este sitio web.<\/p>\n<p>Puede usted permitir, bloquear o eliminar las cookies instaladas en su equipo mediante la configuraci\u00f3n de las opciones del navegador instalado en su ordenador:<\/p>\n<ul>\n<li>Microsoft Internet Explorer o Microsoft Edge: http:\/\/windows.microsoft.com\/es-es\/windows-vista\/Block-or-allow-cookies<\/li>\n<li>Mozilla Firefox: http:\/\/support.mozilla.org\/es\/kb\/impedir-que-los-sitios-web-guarden-sus-preferencia<\/li>\n<li>Chrome: https:\/\/support.google.com\/accounts\/answer\/61416?hl=es<\/li>\n<li>Safari: http:\/\/safari.helpmax.net\/es\/privacidad-y-seguridad\/como-gestionar-las-cookies\/<\/li>\n<li>Opera: http:\/\/help.opera.com\/Linux\/10.60\/es-ES\/cookies.html<\/li>\n<\/ul>\n<p>Adem\u00e1s, tambi\u00e9n puede gestionar el almac\u00e9n de cookies en su navegador a trav\u00e9s de herramientas como las siguientes:<\/p>\n<ul>\n<li>Ghostery: www.ghostery.com<\/li>\n<li>Your Online Choices: www.youronlinechoices.com\/es\/<\/li>\n<\/ul>\n<p><strong>Cookies utilizadas en https:\/\/fadelpo.es\/<\/strong><\/p>\n<p>A continuaci\u00f3n se identifican las cookies que est\u00e1n siendo utilizadas en este portal as\u00ed como su tipolog\u00eda y funci\u00f3n:<\/p>\n<table>\n<tbody>\n<tr>\n<td>\n<p><strong>Nombre de la cookie<\/strong><\/p>\n<\/td>\n<td>\n<p><strong>Duraci\u00f3n<\/strong><\/p>\n<\/td>\n<td>\n<p><strong>Descripci\u00f3n<\/strong><\/p>\n<\/td>\n<td>\n<p><strong>Tipo (propia o de tercero)<\/strong><\/p>\n<\/td>\n<td>\n<p><strong>Finalidad<\/strong><\/p>\n<\/td>\n<\/tr>\n<tr>\n<td>\n<p>__Secure-BUCKET<\/p>\n<\/td>\n<td>\n<p>6 meses aprox.<\/p>\n<\/td>\n<td>\n<p>Cookie utilizada por Google para gestionar preferencias, seguridad y personalizaci\u00f3n del usuario en servicios de Google.<\/p>\n<\/td>\n<td>\n<p>De tercero (Google)<\/p>\n<\/td>\n<td>\n<p>T\u00e9cnica \/ Personalizaci\u00f3n<\/p>\n<\/td>\n<\/tr>\n<tr>\n<td>\n<p>__Secure-ROLLOUT_TOKEN<\/p>\n<\/td>\n<td>\n<p>Sesi\u00f3n o corta duraci\u00f3n<\/p>\n<\/td>\n<td>\n<p>Utilizada por Google para gestionar funciones experimentales y permitir el despliegue progresivo de nuevas funcionalidades.<\/p>\n<\/td>\n<td>\n<p>De tercero (Google)<\/p>\n<\/td>\n<td>\n<p>T\u00e9cnica<\/p>\n<\/td>\n<\/tr>\n<tr>\n<td>\n<p>AEC<\/p>\n<\/td>\n<td>\n<p>6 meses<\/p>\n<\/td>\n<td>\n<p>Cookie de seguridad de Google para garantizar que las solicitudes dentro de una sesi\u00f3n sean realizadas por el usuario y no por sitios maliciosos.<\/p>\n<\/td>\n<td>\n<p>De tercero (Google)<\/p>\n<\/td>\n<td>\n<p>Seguridad \/ T\u00e9cnica<\/p>\n<\/td>\n<\/tr>\n<tr>\n<td>\n<p>NID<\/p>\n<\/td>\n<td>\n<p>6 meses<\/p>\n<\/td>\n<td>\n<p>Utilizada por Google para almacenar preferencias del usuario, como idioma o resultados personalizados.<\/p>\n<\/td>\n<td>\n<p>De tercero (Google)<\/p>\n<\/td>\n<td>\n<p>Personalizaci\u00f3n \/ T\u00e9cnica<\/p>\n<\/td>\n<\/tr>\n<tr>\n<td>\n<p>SOCS<\/p>\n<\/td>\n<td>\n<p>13 meses<\/p>\n<\/td>\n<td>\n<p>Cookie de consentimiento de Google que almacena el estado de aceptaci\u00f3n de cookies.<\/p>\n<\/td>\n<td>\n<p>De tercero (Google)<\/p>\n<\/td>\n<td>\n<p>T\u00e9cnica \/ Necesaria<\/p>\n<\/td>\n<\/tr>\n<tr>\n<td>\n<p>VISITOR_INFO1_LIVE<\/p>\n<\/td>\n<td>\n<p>6 meses<\/p>\n<\/td>\n<td>\n<p>Cookie usada por YouTube para estimar el ancho de banda del usuario y determinar la calidad del v\u00eddeo.<\/p>\n<\/td>\n<td>\n<p>De tercero (YouTube\/Google)<\/p>\n<\/td>\n<td>\n<p>Anal\u00edtica \/ Rendimiento<\/p>\n<\/td>\n<\/tr>\n<tr>\n<td>\n<p>VISITOR_PRIVACY_METADATA<\/p>\n<\/td>\n<td>\n<p>6 meses<\/p>\n<\/td>\n<td>\n<p>Almacena las preferencias de privacidad del usuario en YouTube.<\/p>\n<\/td>\n<td>\n<p>De tercero (YouTube\/Google)<\/p>\n<\/td>\n<td>\n<p>T\u00e9cnica \/ Preferencias<\/p>\n<\/td>\n<\/tr>\n<tr>\n<td>\n<p>YSC<\/p>\n<\/td>\n<td>\n<p>Sesi\u00f3n<\/p>\n<\/td>\n<td>\n<p>Cookie de YouTube que registra las interacciones del usuario con v\u00eddeos incrustados.<\/p>\n<\/td>\n<td>\n<p>De tercero (YouTube\/Google)<\/p>\n<\/td>\n<td>\n<p>Anal\u00edtica<\/p>\n<\/td>\n<\/tr>\n<\/tbody>\n<\/table>\n<p>https:\/\/fadelpo.es\/ muestra informaci\u00f3n sobre su Pol\u00edtica de cookies en la parte inferior del portal con cada inicio de sesi\u00f3n.<\/p>\n<p>Ante esta informaci\u00f3n es posible llevar a cabo las siguientes acciones:<\/p>\n<ul>\n<li>Aceptar cookies: No se volver\u00e1 a visualizar este aviso al acceder a cualquier p\u00e1gina del portal durante la presente sesi\u00f3n.<\/li>\n<li>Modificar\/personalizar su configuraci\u00f3n: Podr\u00e1 obtener m\u00e1s informaci\u00f3n sobre qu\u00e9 son las cookies, conocer la Pol\u00edtica de cookies de: https:\/\/fadelpo.es\/ y modificar la configuraci\u00f3n de su navegador.<\/li>\n<\/ul>\n<p>&nbsp;<\/p>\n<p>[\/et_pb_text][\/et_pb_column][\/et_pb_row][\/et_pb_section]<\/p>\n","protected":false},"excerpt":{"rendered":"<p>&nbsp; Pol\u00edtica de cookies Fadelpo SL informa acerca del uso de las cookies en su p\u00e1gina web: https:\/\/fadelpo.es\/ \u00bfQu\u00e9 son las cookies? Las cookies son archivos que se pueden descargar en su equipo a trav\u00e9s de las p\u00e1ginas web. Son herramientas que tienen un papel esencial para la prestaci\u00f3n de numerosos servicios de la sociedad [&hellip;]<\/p>\n","protected":false},"author":1,"featured_media":0,"parent":0,"menu_order":0,"comment_status":"closed","ping_status":"closed","template":"","meta":{"_et_pb_use_builder":"on","_et_pb_old_content":"<style>\/*! elementor - v3.6.5 - 27-04-2022 *\/\n.elementor-heading-title{padding:0;margin:0;line-height:1}.elementor-widget-heading .elementor-heading-title[class*=elementor-size-]>a{color:inherit;font-size:inherit;line-height:inherit}.elementor-widget-heading .elementor-heading-title.elementor-size-small{font-size:15px}.elementor-widget-heading .elementor-heading-title.elementor-size-medium{font-size:19px}.elementor-widget-heading .elementor-heading-title.elementor-size-large{font-size:29px}.elementor-widget-heading .elementor-heading-title.elementor-size-xl{font-size:39px}.elementor-widget-heading .elementor-heading-title.elementor-size-xxl{font-size:59px}<\/style><h2>Aviso sobre el uso de cookies<\/h2>\t\t\n\t\t<ol><li><strong> Uso de cookies<\/strong><\/li><\/ol><p>La p\u00e1gina web www.fadelpo.es titularidad de FADELPO S.L. utiliza cookies.<\/p><p>Las cookies son ficheros que se descargan en su ordenador al acceder a determinadas p\u00e1ginas web. Las cookies permiten a una p\u00e1gina web, entre otras cosas, almacenar y recuperar informaci\u00f3n sobre los h\u00e1bitos de navegaci\u00f3n de un usuario o de su equipo y, dependiendo de la informaci\u00f3n que contengan y de la forma en que utilice su equipo. Adem\u00e1s, mejoran su proceso de navegaci\u00f3n, ya que permiten que la p\u00e1gina web ofrezca al usuario informaci\u00f3n que puede ser de su inter\u00e9s en funci\u00f3n del uso que realice, del contenido de la misma.<\/p><p>En caso de no querer recibir cookies, por favor, configure su navegador de internet, para que las borre del disco duro de su ordenador, las bloquee o le avise en su caso de instalaci\u00f3n de las mismas. Para continuar sin cambios en la configuraci\u00f3n de las cookies, simplemente, contin\u00fae en la p\u00e1gina web.<\/p><ol start=\"2\"><li><strong> Consentimiento<\/strong><\/li><\/ol><p>Las cookies que utilizamos no almacenan dato personal alguno, ni ning\u00fan tipo de informaci\u00f3n que pueda identificarle, salvo que quieran registrarse de forma voluntaria con el fin de utilizar los servicios que ponemos a su disposici\u00f3n o de recibir informaci\u00f3n sobre promociones y contenidos de su inter\u00e9s.<\/p><p>Al navegar y continuar en nuestra web nos indica que est\u00e1 consintiendo el uso de las cookies antes enunciadas, y en las condiciones contenidas en la presente pol\u00edtica de cookies. En caso de no estar de acuerdo env\u00ede un correo electr\u00f3nico a info@fadelpo,es<\/p><ol start=\"3\"><li><strong> C\u00f3mo bloquear o eliminar las cookies instaladas<\/strong><\/li><\/ol><p>Puede usted permitir, bloquear o eliminar las cookies instaladas en su equipo mediante la configuraci\u00f3n de las opciones de su navegador. Puede encontrar informaci\u00f3n sobre c\u00f3mo hacerlo, en relaci\u00f3n con los navegadores m\u00e1s comunes en los links que se incluyen a continuaci\u00f3n:<\/p><ul><li>Explorer:\u00a0<a href=\"https:\/\/support.microsoft.com\/es-es\/kb\/278835\">https:\/\/support.microsoft.com\/es-es\/kb\/278835<\/a><\/li><li>Chrome:\u00a0<a href=\"http:\/\/support.google.com\/chrome\/bin\/answer.py?hl=es&amp;answer=95647\">http:\/\/support.google.com\/chrome\/bin\/answer.py?hl=es&amp;answer=95647<\/a><\/li><li>Firefox:\u00a0<a href=\"http:\/\/support.mozilla.org\/es\/kb\/Borrar%20cookies\">http:\/\/support.mozilla.org\/es\/kb\/Borrar%20cookies<\/a><\/li><li>Safari:\u00a0<a href=\"http:\/\/support.apple.com\/kb\/ph5042\">http:\/\/support.apple.com\/kb\/ph5042<\/a><\/li><\/ul><ol start=\"4\"><li><strong> Modificaciones<\/strong><\/li><\/ol><p>La p\u00e1gina web\u00a0 www.fadelpo.es\u00a0titularidad de FADELPO S.L. puede modificar esta pol\u00edtica de cookies en funci\u00f3n de las exigencias legales. O con la finalidad de adaptar dicha pol\u00edtica a las instrucciones dictadas por la Agencia Espa\u00f1ola de Protecci\u00f3n de Datos.<\/p><p>Por esta raz\u00f3n, aconsejamos a los usuarios que la visiten peri\u00f3dicamente. Cuando se produzcan cambios significativos en esta pol\u00edtica de cookies, se comunicar\u00e1n a los usuarios, bien mediante la web o a trav\u00e9s de correo electr\u00f3nico a los usuarios registrados.<\/p>","_et_gb_content_width":"","footnotes":""},"class_list":["post-1378","page","type-page","status-publish","hentry"],"_links":{"self":[{"href":"https:\/\/fadelpo.es\/index.php?rest_route=\/wp\/v2\/pages\/1378","targetHints":{"allow":["GET"]}}],"collection":[{"href":"https:\/\/fadelpo.es\/index.php?rest_route=\/wp\/v2\/pages"}],"about":[{"href":"https:\/\/fadelpo.es\/index.php?rest_route=\/wp\/v2\/types\/page"}],"author":[{"embeddable":true,"href":"https:\/\/fadelpo.es\/index.php?rest_route=\/wp\/v2\/users\/1"}],"replies":[{"embeddable":true,"href":"https:\/\/fadelpo.es\/index.php?rest_route=%2Fwp%2Fv2%2Fcomments&post=1378"}],"version-history":[{"count":13,"href":"https:\/\/fadelpo.es\/index.php?rest_route=\/wp\/v2\/pages\/1378\/revisions"}],"predecessor-version":[{"id":2231,"href":"https:\/\/fadelpo.es\/index.php?rest_route=\/wp\/v2\/pages\/1378\/revisions\/2231"}],"wp:attachment":[{"href":"https:\/\/fadelpo.es\/index.php?rest_route=%2Fwp%2Fv2%2Fmedia&parent=1378"}],"curies":[{"name":"wp","href":"https:\/\/api.w.org\/{rel}","templated":true}]}}