{"id":1327,"date":"2022-04-26T21:19:12","date_gmt":"2022-04-26T21:19:12","guid":{"rendered":"https:\/\/fadelpo.es\/?page_id=1327"},"modified":"2025-11-24T10:31:12","modified_gmt":"2025-11-24T10:31:12","slug":"politica-de-privacidad","status":"publish","type":"page","link":"https:\/\/fadelpo.es\/?page_id=1327","title":{"rendered":"Pol\u00edtica de privacidad"},"content":{"rendered":"<p>[et_pb_section fb_built=\u00bb1&#8243; admin_label=\u00bbsection\u00bb _builder_version=\u00bb4.16&#8243; global_colors_info=\u00bb{}\u00bb][et_pb_row admin_label=\u00bbrow\u00bb _builder_version=\u00bb4.16&#8243; background_size=\u00bbinitial\u00bb background_position=\u00bbtop_left\u00bb background_repeat=\u00bbrepeat\u00bb global_colors_info=\u00bb{}\u00bb][et_pb_column type=\u00bb4_4&#8243; _builder_version=\u00bb4.16&#8243; custom_padding=\u00bb|||\u00bb global_colors_info=\u00bb{}\u00bb custom_padding__hover=\u00bb|||\u00bb][et_pb_text admin_label=\u00bbText\u00bb _builder_version=\u00bb4.16&#8243; background_size=\u00bbinitial\u00bb background_position=\u00bbtop_left\u00bb background_repeat=\u00bbrepeat\u00bb global_colors_info=\u00bb{}\u00bb]<\/p>\n<p>&nbsp;<\/p>\n<p><span style=\"font-size: x-large;\"><strong>Pol\u00edtica de Privacidad. Protecci\u00f3n de datos de car\u00e1cter personal seg\u00fan el RGPD<\/strong><\/span><\/p>\n<p><span style=\"font-size: x-large;\"><strong><\/strong><\/span><\/p>\n<p>Fadelpo SL, en aplicaci\u00f3n de la normativa vigente en materia de\u00a0protecci\u00f3n de datos\u00a0de car\u00e1cter personal, informa que los datos personales que se recogen a trav\u00e9s de los formularios del Sitio web: https:\/\/fadelpo.es\/, se incluyen en los ficheros automatizados espec\u00edficos de usuarios de los servicios de Fadelpo SL<\/p>\n<p>La recogida y tratamiento automatizado de los datos de car\u00e1cter personal tiene como finalidad el mantenimiento de la relaci\u00f3n comercial y el desempe\u00f1o de tareas de informaci\u00f3n, formaci\u00f3n, asesoramiento y otras actividades propias de Fadelpo SL<\/p>\n<p>Estos datos \u00fanicamente ser\u00e1n cedidos a aquellas entidades que sean necesarias con el \u00fanico objetivo de dar cumplimiento a la finalidad anteriormente expuesta.<\/p>\n<p>Fadelpo SL adopta las medidas necesarias para garantizar la seguridad, integridad y confidencialidad de los datos conforme a lo dispuesto en el Reglamento (UE) 2016\/679 del Parlamento Europeo y del Consejo, de 27 de abril de 2016, relativo a la protecci\u00f3n de las personas f\u00edsicas en lo que respecta al tratamiento de datos personales y a la libre circulaci\u00f3n de los mismos, y derogando la antigua LOPD, la nueva Ley Org\u00e1nica 3\/2018, de 5 diciembre, de Protecci\u00f3n de Datos y Garant\u00eda de los Derechos Digitales (LOPDGDD).<\/p>\n<p>El usuario podr\u00e1 en cualquier momento ejercitar los derechos de acceso, oposici\u00f3n, rectificaci\u00f3n, cancelaci\u00f3n, limitaci\u00f3n y portabilidad reconocidos en el citado Reglamento (UE). El ejercicio de estos derechos puede realizarlo el propio usuario a trav\u00e9s de email a: info@fadelpo.es o en la direcci\u00f3n: Calle Ter, 29, C.P. 29006 &#8211; M\u00e1laga (M\u00e1laga), para lo que podremos solicitar documentaci\u00f3n que acredite su identidad en caso de resultar necesario.<\/p>\n<p>Datos de contacto del Delegado de Protecci\u00f3n de Datos: GRUPO ATICO34 SL lopd-gdd@atico34.com<\/p>\n<p>El usuario manifiesta que todos los datos facilitados por \u00e9l son ciertos y correctos, y se compromete a mantenerlos actualizados, comunicando los cambios a Fadelpo SL.<\/p>\n<p><strong>Finalidad del tratamiento de los datos personales:<\/strong><\/p>\n<p><strong>\u00bfCon qu\u00e9 finalidad trataremos tus datos personales?<\/strong><\/p>\n<p>En Fadelpo SL, trataremos tus datos personales recabados a trav\u00e9s del Sitio Web: https:\/\/fadelpo.es\/, con las siguientes finalidades:<\/p>\n<ol>\n<li>Dar cumplimiento de las obligaciones, comerciales, laborales, corporativas y contables de la empresa.<\/li>\n<li>Con prop\u00f3sitos de seguridad o prevenci\u00f3n de fraude.<\/li>\n<li>Facilitar la informaci\u00f3n solicitada por el usuario a trav\u00e9s del formulario de contacto.<\/li>\n<\/ol>\n<p>Te recordamos que puedes oponerte al env\u00edo de comunicaciones comerciales por cualquier v\u00eda y en cualquier momento, remitiendo un correo electr\u00f3nico a la direcci\u00f3n anteriormente indicada.<\/p>\n<p>Los campos de dichos registros son de cumplimentaci\u00f3n obligatoria, siendo imposible realizar las finalidades expresadas si no se aportan esos datos.<\/p>\n<p><strong>\u00bfPor cu\u00e1nto tiempo se conservan los datos personales recabados?<\/strong><\/p>\n<p>Los datos personales proporcionados se conservar\u00e1n mientras se mantenga la relaci\u00f3n comercial o no solicites su supresi\u00f3n y durante el plazo por el cu\u00e1l pudieran derivarse responsabilidades legales por los servicios prestados. Asimismo, los datos se conservar\u00e1n mientras el interesado no se oponga al tratamiento, as\u00ed como mientras no revoque el consentimiento otorgado para las finalidades espec\u00edficas para las que fue prestado.<\/p>\n<p><strong>Legitimaci\u00f3n:<\/strong><\/p>\n<p>El tratamiento de tus datos se realiza con las siguientes bases jur\u00eddicas que legitiman el mismo:<\/p>\n<ol>\n<li>El cumplimiento de obligaciones legales que aplican a Fadelpo SL, Instituto De Migraci\u00f3ns Ecosociais.<\/li>\n<li>La solicitud de informaci\u00f3n y\/o la contrataci\u00f3n de los servicios de Fadelpo SL, cuyos t\u00e9rminos y condiciones se pondr\u00e1n a tu disposici\u00f3n en todo caso, de forma previa a una eventual contrataci\u00f3n.<\/li>\n<li>El consentimiento libre, espec\u00edfico, informado e inequ\u00edvoco, en tanto que te informamos poniendo a tu disposici\u00f3n la presente pol\u00edtica de privacidad, que tras la lectura de la misma, en caso de estar conforme, puedes aceptar mediante una declaraci\u00f3n o una clara acci\u00f3n afirmativa, como el marcado de una casilla dispuesta al efecto.<\/li>\n<li>El inter\u00e9s leg\u00edtimo para prevenir fraudes, mejorar el rendimiento del sistema, as\u00ed como para la gesti\u00f3n de las solicitudes de contacto recibidas a trav\u00e9s del sitio web.<\/li>\n<\/ol>\n<p>En caso de que no nos facilites tus datos o lo hagas de forma err\u00f3nea o incompleta, no podremos atender tu solicitud, resultando del todo imposible proporcionarte la informaci\u00f3n solicitada o llevar a cabo la contrataci\u00f3n de los servicios.<\/p>\n<p><strong>Origen de los datos y forma de obtenci\u00f3n<\/strong><\/p>\n<p>Los datos personales que tratamos han sido facilitados directamente por usted. En caso de que nos aporte datos pertenecientes a otras personas, usted garantiza que dispone de su consentimiento expreso y que les ha comunicado el contenido de esta Pol\u00edtica. Asimismo, nos libera de cualquier responsabilidad derivada del incumplimiento de esta obligaci\u00f3n.<\/p>\n<p><strong>Exactitud de los datos personales<\/strong><\/p>\n<p>En caso de que no nos facilites tus datos o lo hagas de forma err\u00f3nea o incompleta, no podremos atender tu solicitud, resultando del todo imposible proporcionarte la informaci\u00f3n solicitada o llevar a cabo la contrataci\u00f3n de los servicios.<\/p>\n<p>El titular de los datos garantiza que los datos facilitados son veraces, exactos, completos y actualizados. Nos informar\u00e1 de cualquier modificaci\u00f3n de los datos facilitados a trav\u00e9s de los canales indicados en el encabezado de esta pol\u00edtica.<\/p>\n<p><strong>Destinatarios:<\/strong><\/p>\n<p>Los datos no se comunicar\u00e1n a ning\u00fan tercero ajeno a Fadelpo SL, salvo obligaci\u00f3n legal.<\/p>\n<p><strong>Datos recopilados por usuarios de los servicios<\/strong><\/p>\n<p>En los casos en que el usuario incluya ficheros con datos de car\u00e1cter personal en los servidores de alojamiento compartido, Fadelpo SL no se hace responsable del incumplimiento por parte del usuario del RGPD.<\/p>\n<p><strong>Derechos propiedad intelectual https:\/\/fadelpo.es\/<\/strong><\/p>\n<p>Fadelpo SL es titular de todos los derechos de autor, propiedad intelectual, industrial, \u00abknow how\u00bb y cuantos otros derechos guardan relaci\u00f3n con los contenidos del sitio web https:\/\/fadelpo.es\/ y los servicios ofertados en el mismo, as\u00ed como de los programas necesarios para su implementaci\u00f3n y la informaci\u00f3n relacionada.<\/p>\n<p>No se permite la reproducci\u00f3n, publicaci\u00f3n y\/o uso no estrictamente privado de los contenidos, totales o parciales, del sitio web https:\/\/fadelpo.es\/ sin el consentimiento previo y por escrito.<\/p>\n<p><strong>Propiedad intelectual del software<\/strong><\/p>\n<p>El usuario debe respetar los programas de terceros puestos a su disposici\u00f3n por Fadelpo SL, aun siendo gratuitos y\/o de disposici\u00f3n p\u00fablica.<\/p>\n<p>Fadelpo SL dispone de los derechos de explotaci\u00f3n y propiedad intelectual necesarios del software.<\/p>\n<p>El usuario no adquiere derecho alguno o licencia por el servicio contratado, sobre el software necesario para la prestaci\u00f3n del servicio, ni tampoco sobre la informaci\u00f3n t\u00e9cnica de seguimiento del servicio, excepci\u00f3n hecha de los derechos y licencias necesarios para el cumplimiento de los servicios contratados y \u00fanicamente durante la duraci\u00f3n de los mismos.<\/p>\n<p>Para toda actuaci\u00f3n que exceda del cumplimiento del contrato, el usuario necesitar\u00e1 autorizaci\u00f3n por escrito por parte de Fadelpo SL, quedando prohibido al usuario acceder, modificar, visualizar la configuraci\u00f3n, estructura y ficheros de los servidores propiedad de Fadelpo SL, asumiendo la responsabilidad civil y penal derivada de cualquier incidencia que se pudiera producir en los servidores y sistemas de seguridad como consecuencia directa de una actuaci\u00f3n negligente o maliciosa por su parte.<\/p>\n<p><strong>Propiedad intelectual de los contenidos alojados<\/strong><\/p>\n<p>Se proh\u00edbe el uso contrario a la legislaci\u00f3n sobre propiedad intelectual de los servicios prestados por Fadelpo SL y, en particular de:<\/p>\n<ol>\n<li>La utilizaci\u00f3n que resulte contraria a las leyes espa\u00f1olas o que infrinja los derechos de terceros.<\/li>\n<li>La publicaci\u00f3n o la transmisi\u00f3n de cualquier contenido que, a juicio de Fadelpo SL, resulte violento, obsceno, abusivo, ilegal, racial, xen\u00f3fobo o difamatorio.<\/li>\n<li>Los cracks, n\u00fameros de serie de programas o cualquier otro contenido que vulnere derechos de la propiedad intelectual de terceros.<\/li>\n<li>La recogida y\/o utilizaci\u00f3n de datos personales de otros usuarios sin su consentimiento expreso o contraviniendo lo dispuesto en el Reglamento (UE) 2016\/679 del Parlamento Europeo y del Consejo, de 27 de abril de 2016, relativo a la protecci\u00f3n de las personas f\u00edsicas en lo que respecta al tratamiento de datos personales y a la libre circulaci\u00f3n de los mismos.<\/li>\n<li>La utilizaci\u00f3n del servidor de correo del dominio y de las direcciones de correo electr\u00f3nico para el env\u00edo de correo masivo no deseado.<\/li>\n<\/ol>\n<p>El usuario tiene toda la responsabilidad sobre el contenido de su web, la informaci\u00f3n transmitida y almacenada, los enlaces de hipertexto, las reivindicaciones de terceros y las acciones legales en referencia a propiedad intelectual, derechos de terceros y protecci\u00f3n de menores.<\/p>\n<p>El usuario es responsable respecto a las leyes y reglamentos en vigor y las reglas que tienen que ver con el funcionamiento del servicio online, comercio electr\u00f3nico, derechos de autor, mantenimiento del orden p\u00fablico, as\u00ed como principios universales de uso de Internet.<\/p>\n<p>El usuario indemnizar\u00e1 a Fadelpo SL por los gastos que generara la imputaci\u00f3n de Fadelpo SL en alguna causa cuya responsabilidad fuera atribuible al usuario, incluidos honorarios y gastos de defensa jur\u00eddica, incluso en el caso de una decisi\u00f3n judicial no definitiva.<\/p>\n<p><strong>Protecci\u00f3n de la informaci\u00f3n alojada<\/strong><\/p>\n<p>Fadelpo SL realiza copias de seguridad de los contenidos alojados en sus servidores, sin embargo no se responsabiliza de la p\u00e9rdida o el borrado accidental de los datos por parte de los usuarios. De igual manera, no garantiza la reposici\u00f3n total de los datos borrados por los usuarios, ya que los citados datos podr\u00edan haber sido suprimidos y\/o modificados durante el periodo del tiempo transcurrido desde la \u00faltima copia de seguridad.<\/p>\n<p>Los servicios ofertados, excepto los servicios espec\u00edficos de backup, no incluyen la reposici\u00f3n de los contenidos conservados en las copias de seguridad realizadas por Fadelpo SL, cuando esta p\u00e9rdida sea imputable al usuario; en este caso, se determinar\u00e1 una tarifa acorde a la complejidad y volumen de la recuperaci\u00f3n, siempre previa aceptaci\u00f3n del usuario.<\/p>\n<p>La reposici\u00f3n de datos borrados s\u00f3lo est\u00e1 incluida en el precio del servicio cuando la p\u00e9rdida del contenido sea debida a causas atribuibles a Fadelpo SL.<\/p>\n<p><strong>Comunicaciones comerciales<\/strong><\/p>\n<p>En aplicaci\u00f3n de la LSSI. Fadelpo SL no enviar\u00e1 comunicaciones publicitarias o promocionales por correo electr\u00f3nico u otro medio de comunicaci\u00f3n electr\u00f3nica equivalente que previamente no hubieran sido solicitadas o expresamente autorizadas por los destinatarios de las mismas.<\/p>\n<p>En el caso de usuarios con los que exista una relaci\u00f3n contractual previa, Fadelpo SL s\u00ed est\u00e1 autorizado al env\u00edo de comunicaciones comerciales referentes a productos o servicios de Fadelpo SL que sean similares a los que inicialmente fueron objeto de contrataci\u00f3n con el cliente.<\/p>\n<p>En todo caso, el usuario, tras acreditar su identidad, podr\u00e1 solicitar que no se le haga llegar m\u00e1s informaci\u00f3n comercial a trav\u00e9s de los canales de Atenci\u00f3n al Cliente.<\/p>\n<p>[\/et_pb_text][\/et_pb_column][\/et_pb_row][\/et_pb_section]<\/p>\n","protected":false},"excerpt":{"rendered":"<p>&nbsp; Pol\u00edtica de Privacidad. Protecci\u00f3n de datos de car\u00e1cter personal seg\u00fan el RGPD Fadelpo SL, en aplicaci\u00f3n de la normativa vigente en materia de\u00a0protecci\u00f3n de datos\u00a0de car\u00e1cter personal, informa que los datos personales que se recogen a trav\u00e9s de los formularios del Sitio web: https:\/\/fadelpo.es\/, se incluyen en los ficheros automatizados espec\u00edficos de usuarios de [&hellip;]<\/p>\n","protected":false},"author":1,"featured_media":0,"parent":0,"menu_order":0,"comment_status":"closed","ping_status":"closed","template":"","meta":{"_et_pb_use_builder":"on","_et_pb_old_content":"<style>\/*! elementor - v3.10.1 - 17-01-2023 *\/<br \/>\n.elementor-heading-title{padding:0;margin:0;line-height:1}.elementor-widget-heading .elementor-heading-title[class*=elementor-size-]>a{color:inherit;font-size:inherit;line-height:inherit}.elementor-widget-heading .elementor-heading-title.elementor-size-small{font-size:15px}.elementor-widget-heading .elementor-heading-title.elementor-size-medium{font-size:19px}.elementor-widget-heading .elementor-heading-title.elementor-size-large{font-size:29px}.elementor-widget-heading .elementor-heading-title.elementor-size-xl{font-size:39px}.elementor-widget-heading .elementor-heading-title.elementor-size-xxl{font-size:59px}<\/style>\n<h2>Pol\u00edtica de privacidad<\/h2>\nEl objetivo de esta pol\u00edtica es informar a los interesados acerca de los distintos tratamientos realizados por esta organizaci\u00f3n mediante la p\u00e1gina web y que afecten a sus datos personales de conformidad con lo establecido en la Ley Org\u00e1nica 3\/2018, de 5 de diciembre, de Protecci\u00f3n de Datos Personales y garant\u00eda de los derechos digitales y el Reglamento (UE) 2016\/679 del Parlamento Europeo y del Consejo de 27 de abril de 2016.\n<ol>\n \t<li><strong> IDENTIFICACI\u00d3N Y DATOS DE CONTACTO DEL RESPONSABLE.<\/strong><\/li>\n<\/ol>\nLa organizaci\u00f3n FADELPO S.L., domiciliada en la C\/Ter N\u00b029 Pol\u00edgono Industrial \"El Viso\", 29006 M\u00e1laga, con C.I.F. B92814722, tel\u00e9fono de contacto 952201452 y correo electr\u00f3nico&nbsp;<a href=\"mailto:rgpd.segovia@gmail.com\">nera@fadelpo.es<\/a>&nbsp;-&nbsp; Info@fadelpo.es&nbsp;\n<ol start=\"2\">\n \t<li><strong> FINALIDADES DEL TRATAMIENTO DE SUS DATOS PERSONALES.<\/strong><\/li>\n<\/ol>\n<strong>USUARIOS\/NAVEGANTES DE LA P\u00c1GINA WEB DEL RESPONSABLE.<\/strong>\n\nTrataremos sus datos de car\u00e1cter personal facilitados a trav\u00e9s de nuestros formularios web para:\n<ul>\n \t<li>Atender a las solicitudes, quejas e incidencias trasladadas a trav\u00e9s de nuestros canales de contacto incorporados en la p\u00e1gina web.<\/li>\n \t<li>Entender el comportamiento del navegante dentro de la web con el fin de detectar posibles ataques inform\u00e1ticos a nuestra web.<\/li>\n \t<li>Cumplir con las obligaciones legales que nos resulten directamente aplicables y regulen nuestra actividad.<\/li>\n \t<li>Para proteger y ejercer nuestros derechos o responder ante reclamaciones de cualquier \u00edndole.<\/li>\n<\/ul>\n<strong>CANDIDATOS A OFERTAS DE TRABAJO O POSTULANTES A EMPLEO.<\/strong>\n\nTrataremos sus datos de car\u00e1cter personal facilitados a trav\u00e9s de nuestros formularios web para:\n<ul>\n \t<li>Gestionar tu candidatura.<\/li>\n \t<li>Comunicarnos contigo para ir inform\u00e1ndote del estado del proceso de selecci\u00f3n y de tu candidatura en el mismo.<\/li>\n \t<li>Entender el comportamiento del navegante dentro de la web con el fin de detectar posibles ataques inform\u00e1ticos a nuestra web.<\/li>\n \t<li>Para proteger y ejercer nuestros derechos o responder ante reclamaciones de cualquier \u00edndole<\/li>\n \t<li>Env\u00edo de comunicaciones relativas a nuevas ofertas de trabajo que realicemos y se adecuen a tus necesidades; siempre y cuando nos hayas autorizado, previamente, a enviarte dicha informaci\u00f3n.<\/li>\n \t<li>&nbsp;<\/li>\n<\/ul>\n<ol start=\"3\">\n \t<li><strong> BASE JUR\u00cdDICA DEL TRATAMIENTO.<\/strong><\/li>\n<\/ol>\n<strong>USUARIOS\/NAVEGANTES EN LA P\u00c1GINA WEB DEL RESPONSABLE.<\/strong>\n<ul>\n \t<li>En el consentimiento que nos has prestado para tratar tus datos con las finalidades indicadas. La negativa a facilitar sus datos personales conllevara la imposibilidad de tratar sus datos con las finalidades mencionadas.<\/li>\n \t<li>Para cumplir con las obligaciones legales que se nos aplican. En este caso, el interesado no podr\u00e1 negarse al tratamiento de los datos personales.<\/li>\n \t<li>En nuestro inter\u00e9s leg\u00edtimo de proteger nuestra imagen, negocio y trayectoria evitando ataques a nuestra p\u00e1gina web. En este caso, el interesado no podr\u00e1 negarse al tratamiento de los datos personales, aunque podr\u00e1 ejercer, en su caso, los derechos reconocidos en el apartado octavos de la presente pol\u00edtica.<\/li>\n<\/ul>\n<strong>CANDIDATOS A OFERTAS DE TRABAJO O POSTULANTES A EMPLEO.<\/strong>\n<ul>\n \t<li>En el consentimiento que nos has prestado para tratar tus datos con las finalidades indicadas. La negativa a facilitar sus datos personales conllevara la imposibilidad de tratar sus datos con las finalidades mencionadas.<\/li>\n \t<li>Para cumplir con las obligaciones legales que se nos aplican. En este caso, el interesado no podr\u00e1 negarse al tratamiento de los datos personales.<\/li>\n \t<li>En nuestro inter\u00e9s leg\u00edtimo de proteger nuestra imagen, negocio y trayectoria evitando ataques a nuestra p\u00e1gina web. En este caso, el interesado no podr\u00e1 negarse al tratamiento de los datos personales, aunque podr\u00e1 ejercer, en su caso, los derechos reconocidos en el apartado octavos de la presente pol\u00edtica.<\/li>\n<\/ul>\n<ol start=\"4\">\n \t<li><strong> PLAZOS O CRITERIOS DE CONSERVACI\u00d3N DE LOS DATOS.<\/strong><\/li>\n<\/ol>\nLos datos personales proporcionados se conservar\u00e1n durante el tiempo necesario para cumplir con las finalidades para los que fueron recopilados inicialmente.\n\nUna vez que los datos dejen de ser necesarios para el tratamiento en cuesti\u00f3n, estos se mantendr\u00e1n debidamente bloqueados para, en su caso, ponerlos a disposici\u00f3n de las Administraciones y Organismos P\u00fablicas competentes, Jueces y Tribunales o el Ministerio Fiscal, durante el plazo de prescripci\u00f3n de las acciones que pudieran derivarse de la relaci\u00f3n mantenida con el cliente y\/o los plazos de conservaci\u00f3n previstos legalmente.\n\nEn el caso de que nos hayas facilitado tu curr\u00edculum, conservaremos tus datos durante el periodo m\u00e1ximo de un a\u00f1o desde la recepci\u00f3n del mismo por parte de la entidad, salvo que nos hayas autorizado a mantener tus datos por un periodo de conservaci\u00f3n mayor al indicado\n<ol start=\"5\">\n \t<li><strong> DECISIONES AUTOMATIZADAS Y ELABORACI\u00d3N DE PERFILES.<\/strong><\/li>\n<\/ol>\nLa p\u00e1gina web no toma decisiones automatizadas ni elabora perfiles.\n<ol start=\"6\">\n \t<li><strong> DESTINATARIOS.<\/strong><\/li>\n<\/ol>\nDurante el periodo de duraci\u00f3n del tratamiento de sus datos personales, organizaci\u00f3n podr\u00e1 ceder sus datos a los siguientes destinatarios:\n<ul>\n \t<li>Jueces y Tribunales.<\/li>\n \t<li>Fuerzas y Cuerpos de Seguridad del Estado.<\/li>\n \t<li>Otras autoridades u organismos p\u00fablicos competentes, cuando el responsable tenga la obligaci\u00f3n legal de facilitar los datos personales.<\/li>\n<\/ul>\n<ol start=\"7\">\n \t<li><strong> TRANSFERENCIAS INTERNACIONALES DE DATOS.<\/strong><\/li>\n<\/ol>\nLa organizaci\u00f3n no realiza Transferencia Internacional de Datos alguna.\n<ol start=\"8\">\n \t<li><strong> DERECHOS.<\/strong><\/li>\n<\/ol>\nLos interesados podr\u00e1n ejercer en cualquier momento y de forma totalmente gratuita los derechos de acceso, rectificaci\u00f3n y supresi\u00f3n, as\u00ed como solicitar que se limite el tratamiento de sus datos personales, oponerse al mismo, solicitar la portabilidad de estos (siempre que sea t\u00e9cnicamente posible) o retirar el consentimiento prestado, y en su caso, cuando proceda, a no ser objeto de una decisi\u00f3n basada \u00fanicamente en un tratamiento automatizado, incluido la elaboraci\u00f3n de perfiles.\n\nPara ello podr\u00e1 emplear los formularios habilitados por la organizaci\u00f3n, o bien dirigir un escrito a la direcci\u00f3n postal o correo electr\u00f3nico arriba indicadas. En cualquier caso, su solicitud deber\u00e1 acompa\u00f1arse de una fotocopia de su D.N.I. o documento equivalente, con la finalidad de acreditar su identidad.\n\nEn caso de que sienta vulnerados sus derechos en lo concerniente a la protecci\u00f3n de sus datos personales, especialmente cuando no haya obtenido satisfacci\u00f3n en el ejercicio de sus derechos, puede presentar una reclamaci\u00f3n ante la Autoridad de Control en materia de Protecci\u00f3n de Datos competente&nbsp;<strong>(Agencia Espa\u00f1ola de Protecci\u00f3n de Datos)<\/strong>, a trav\u00e9s de su sitio web&nbsp;<a href=\"http:\/\/www.agpd.es\/\">www.agpd.es<\/a>.\n\nEn cumplimiento de lo dispuesto en el art\u00edculo 21 de la Ley 34\/2002 de servicios de la sociedad de la informaci\u00f3n y comercio electr\u00f3nico, si usted no desea recibir m\u00e1s informaci\u00f3n sobre nuestros servicios, puede darse de baja enviando un correo electr\u00f3nico a la direcci\u00f3n&nbsp;<a href=\"mailto:rgpd.segovia@gmail.com\">info@fadelpo.es<\/a>, con asunto&nbsp;<strong>\u201cBAJAS\u201d<\/strong>.\n<ol start=\"9\">\n \t<li><strong> VERACIDAD DE LOS DATOS.<\/strong><\/li>\n<\/ol>\nEl interesado garantiza que los datos aportados son verdaderos, exactos, completos y se encuentran actualizados; comprometi\u00e9ndose a informar de cualquier cambio respecto de los datos que aportara, por los canales habilitados al efecto e indicados en el punto uno de la presente pol\u00edtica. Ser\u00e1 responsable de cualquier da\u00f1o o perjuicio, tanto directo como indirecto, que pudiera ocasionar como consecuencia del incumplimiento de la presente obligaci\u00f3n.\n\nEn el supuesto de que el usuario facilite datos de terceros, declara que cuenta con el consentimiento de los interesados y se compromete a trasladarle la informaci\u00f3n contenida en esta cl\u00e1usula, eximiendo a la organizaci\u00f3n de cualquier responsabilidad derivada por la falta de cumplimiento de la presente obligaci\u00f3n.\n<ol start=\"10\">\n \t<li><strong> REDES SOCIALES<\/strong><\/li>\n<\/ol>\nLas Redes Sociales forman parte del d\u00eda a d\u00eda de muchos usuarios de Internet, y para ellos la Entidad ha creado distintos perfiles en algunas de ellas.\n\nTodos los usuarios que visitan nuestra p\u00e1gina web tienen la oportunidad de unirse a nuestras redes sociales o grupos.\n\nSin embargo, debes tener en cuenta que, salvo que le solicitemos sus datos directamente (por ejemplo, mediante acciones de marketing, concursos, promociones, o cualquier otra forma v\u00e1lida), sus datos pertenecer\u00e1n a la Red Social correspondiente, por lo que le recomendamos que lea detenidamente sus condiciones de uso y pol\u00edticas de privacidad, as\u00ed como, se asegure de configurar sus preferencias en cuanto al tratamiento de los datos.\n<ol start=\"11\">\n \t<li><strong> MODIFICACIONES\/ ACTUALIZACI\u00d3N<\/strong><\/li>\n<\/ol>\nLa presente pol\u00edtica de privacidad puede verse modificada\/actualizada en funci\u00f3n de las exigencias legales establecidas o con la finalidad de adaptar dicha pol\u00edtica a las instrucciones dictadas por la Agencia Espa\u00f1ola de Protecci\u00f3n de Datos o cambios en nuestro sitio web.\n\nPor esta raz\u00f3n, aconsejamos a los usuarios que visiten peri\u00f3dicamente nuestra pol\u00edtica de privacidad.\n\nSi tiene dudas acerca de esta pol\u00edtica, puede contactar con FADELPO S.L. a trav\u00e9s del siguiente correo electr\u00f3nico&nbsp;info@fadelpo.es","_et_gb_content_width":"","footnotes":""},"class_list":["post-1327","page","type-page","status-publish","hentry"],"_links":{"self":[{"href":"https:\/\/fadelpo.es\/index.php?rest_route=\/wp\/v2\/pages\/1327","targetHints":{"allow":["GET"]}}],"collection":[{"href":"https:\/\/fadelpo.es\/index.php?rest_route=\/wp\/v2\/pages"}],"about":[{"href":"https:\/\/fadelpo.es\/index.php?rest_route=\/wp\/v2\/types\/page"}],"author":[{"embeddable":true,"href":"https:\/\/fadelpo.es\/index.php?rest_route=\/wp\/v2\/users\/1"}],"replies":[{"embeddable":true,"href":"https:\/\/fadelpo.es\/index.php?rest_route=%2Fwp%2Fv2%2Fcomments&post=1327"}],"version-history":[{"count":28,"href":"https:\/\/fadelpo.es\/index.php?rest_route=\/wp\/v2\/pages\/1327\/revisions"}],"predecessor-version":[{"id":2233,"href":"https:\/\/fadelpo.es\/index.php?rest_route=\/wp\/v2\/pages\/1327\/revisions\/2233"}],"wp:attachment":[{"href":"https:\/\/fadelpo.es\/index.php?rest_route=%2Fwp%2Fv2%2Fmedia&parent=1327"}],"curies":[{"name":"wp","href":"https:\/\/api.w.org\/{rel}","templated":true}]}}